{"id":211,"date":"2025-12-21T06:40:47","date_gmt":"2025-12-21T06:40:47","guid":{"rendered":"https:\/\/taxi-conventionne-17.fr\/?page_id=211"},"modified":"2026-02-15T09:33:23","modified_gmt":"2026-02-15T09:33:23","slug":"demande-de-transport-vsl","status":"publish","type":"page","link":"https:\/\/taxi-conventionne-17.fr\/?page_id=211","title":{"rendered":"Demande de transport VSL"},"content":{"rendered":"\t\t<div data-elementor-type=\"wp-page\" data-elementor-id=\"211\" class=\"elementor elementor-211\">\n\t\t\t\t<div class=\"elementor-element elementor-element-1a0b92c8 e-flex e-con-boxed e-con e-parent\" data-id=\"1a0b92c8\" data-element_type=\"container\" data-e-type=\"container\">\n\t\t\t\t\t<div class=\"e-con-inner\">\n\t\t\t\t<div class=\"elementor-element elementor-element-3b17f7c4 elementor-widget elementor-widget-text-editor\" data-id=\"3b17f7c4\" data-element_type=\"widget\" data-e-type=\"widget\" data-widget_type=\"text-editor.default\">\n\t\t\t\t\t\t\t\t\t<div class=\"wpcf7 no-js\" id=\"wpcf7-f210-o1\" lang=\"fr-FR\" dir=\"ltr\" data-wpcf7-id=\"210\">\n<div class=\"screen-reader-response\">\n<p role=\"status\" aria-live=\"polite\" aria-atomic=\"true\">\n<ul><\/ul>\n<\/div>\n<form action=\"\/index.php?rest_route=%2Fwp%2Fv2%2Fpages%2F211#wpcf7-f210-o1\" method=\"post\" class=\"wpcf7-form init\" aria-label=\"Formulaire de contact\" novalidate=\"novalidate\" data-status=\"init\">\n<fieldset class=\"hidden-fields-container\"><input type=\"hidden\" name=\"_wpcf7\" value=\"210\" \/><input type=\"hidden\" name=\"_wpcf7_version\" value=\"6.1.5\" \/><input type=\"hidden\" name=\"_wpcf7_locale\" value=\"fr_FR\" \/><input type=\"hidden\" name=\"_wpcf7_unit_tag\" value=\"wpcf7-f210-o1\" \/><input type=\"hidden\" name=\"_wpcf7_container_post\" value=\"0\" \/><input type=\"hidden\" name=\"_wpcf7_posted_data_hash\" value=\"\" \/><br \/>\n<\/fieldset>\n<p><label> Nom et pr\u00e9nom<br \/>\n<span class=\"wpcf7-form-control-wrap\" data-name=\"nom\"><input size=\"40\" maxlength=\"400\" class=\"wpcf7-form-control wpcf7-text wpcf7-validates-as-required\" aria-required=\"true\" aria-invalid=\"false\" value=\"\" type=\"text\" name=\"nom\" \/><\/span><br \/>\n<\/label>\n<\/p>\n<p><label> T\u00e9l\u00e9phone<br \/>\n<span class=\"wpcf7-form-control-wrap\" data-name=\"telephone\"><input size=\"40\" maxlength=\"400\" class=\"wpcf7-form-control wpcf7-tel wpcf7-validates-as-required wpcf7-text wpcf7-validates-as-tel\" aria-required=\"true\" aria-invalid=\"false\" value=\"\" type=\"tel\" name=\"telephone\" \/><\/span><br \/>\n<\/label>\n<\/p>\n<p><label> Email<br \/>\n<span class=\"wpcf7-form-control-wrap\" data-name=\"email\"><input size=\"40\" maxlength=\"400\" class=\"wpcf7-form-control wpcf7-email wpcf7-text wpcf7-validates-as-email\" aria-invalid=\"false\" value=\"\" type=\"email\" name=\"email\" \/><\/span><br \/>\n<\/label>\n<\/p>\n<p><label> Date du transport<br \/>\n<span class=\"wpcf7-form-control-wrap\" data-name=\"date-transport\"><input class=\"wpcf7-form-control wpcf7-date wpcf7-validates-as-required wpcf7-validates-as-date\" aria-required=\"true\" aria-invalid=\"false\" value=\"\" type=\"date\" name=\"date-transport\" \/><\/span><br \/>\n<\/label>\n<\/p>\n<p><label> Heure du rendez-vous<br \/>\n<span class=\"wpcf7-form-control-wrap\" data-name=\"heure\"><input size=\"40\" maxlength=\"400\" class=\"wpcf7-form-control wpcf7-text wpcf7-validates-as-required\" aria-required=\"true\" aria-invalid=\"false\" value=\"\" type=\"text\" name=\"heure\" \/><\/span><br \/>\n<\/label>\n<\/p>\n<p><label> Adresse de d\u00e9part<br \/>\n<span class=\"wpcf7-form-control-wrap\" data-name=\"depart\"><input size=\"40\" maxlength=\"400\" class=\"wpcf7-form-control wpcf7-text wpcf7-validates-as-required\" aria-required=\"true\" aria-invalid=\"false\" value=\"\" type=\"text\" name=\"depart\" \/><\/span><br \/>\n<\/label>\n<\/p>\n<p><label> Adresse d\u2019arriv\u00e9e (h\u00f4pital \/ cabinet)<br \/>\n<span class=\"wpcf7-form-control-wrap\" data-name=\"arrivee\"><input size=\"40\" maxlength=\"400\" class=\"wpcf7-form-control wpcf7-text wpcf7-validates-as-required\" aria-required=\"true\" aria-invalid=\"false\" value=\"\" type=\"text\" name=\"arrivee\" \/><\/span><br \/>\n<\/label>\n<\/p>\n<p><label> Transport conventionn\u00e9 CPAM ?<br \/>\n<span class=\"wpcf7-form-control-wrap\" data-name=\"convention\"><select class=\"wpcf7-form-control wpcf7-select\" aria-invalid=\"false\" name=\"convention\"><option value=\"Oui\">Oui<\/option><option value=\"Non\">Non<\/option><\/select><\/span><br \/>\n<\/label>\n<\/p>\n<p><label> Message compl\u00e9mentaire<br \/>\n<span class=\"wpcf7-form-control-wrap\" data-name=\"message\"><textarea cols=\"40\" rows=\"10\" maxlength=\"2000\" class=\"wpcf7-form-control wpcf7-textarea\" aria-invalid=\"false\" name=\"message\"><\/textarea><\/span><br \/>\n<\/label>\n<\/p>\n<p><input class=\"wpcf7-form-control wpcf7-submit has-spinner\" type=\"submit\" value=\"Envoyer la demande\" \/>\n<\/p>\n<div class=\"wpcf7-response-output\" aria-hidden=\"true\"><\/div>\n<\/form>\n<\/div>\n\n\n\n<p><\/p>\n\t\t\t\t\t\t\t\t<\/div>\n\t\t\t\t\t<\/div>\n\t\t\t\t<\/div>\n\t\t<div class=\"elementor-element elementor-element-9982f42 e-flex e-con-boxed e-con e-parent\" data-id=\"9982f42\" data-element_type=\"container\" data-e-type=\"container\">\n\t\t\t\t\t<div class=\"e-con-inner\">\n\t\t\t\t\t<\/div>\n\t\t\t\t<\/div>\n\t\t<div class=\"elementor-element elementor-element-2e693d9 e-flex e-con-boxed e-con e-parent\" data-id=\"2e693d9\" data-element_type=\"container\" data-e-type=\"container\">\n\t\t\t\t\t<div class=\"e-con-inner\">\n\t\t\t\t<div class=\"elementor-element elementor-element-3d74c6a elementor-widget elementor-widget-heading\" data-id=\"3d74c6a\" data-element_type=\"widget\" data-e-type=\"widget\" data-widget_type=\"heading.default\">\n\t\t\t\t\t<h1 class=\"elementor-heading-title elementor-size-default\">Transport VSL \u00e0 Varzay \u2013 Secteur Saujon et Saintes<\/h1>\t\t\t\t<\/div>\n\t\t\t\t\t<\/div>\n\t\t\t\t<\/div>\n\t\t<div class=\"elementor-element elementor-element-86e4189 e-flex e-con-boxed e-con e-parent\" data-id=\"86e4189\" data-element_type=\"container\" data-e-type=\"container\">\n\t\t\t\t\t<div class=\"e-con-inner\">\n\t\t\t\t<div class=\"elementor-element elementor-element-8d526c2 elementor-widget elementor-widget-text-editor\" data-id=\"8d526c2\" data-element_type=\"widget\" data-e-type=\"widget\" data-widget_type=\"text-editor.default\">\n\t\t\t\t\t\t\t\t\t<p data-start=\"1201\" data-end=\"1350\">Vous recherchez un <strong data-start=\"1220\" data-end=\"1255\">transport VSL conventionn\u00e9 CPAM<\/strong> en Charente-Maritime (17) pour vos rendez-vous m\u00e9dicaux, hospitalisations ou soins r\u00e9guliers ?<\/p>\n<p data-start=\"1355\" data-end=\"1535\">Notre service de <strong data-start=\"1372\" data-end=\"1397\">taxi conventionn\u00e9 VSL<\/strong> vous accompagne pour tous vos d\u00e9placements m\u00e9dicaux : h\u00f4pitaux, cliniques, centres de soins, cabinets m\u00e9dicaux et centres de r\u00e9\u00e9ducation.<\/p>\n<h3 data-start=\"1540\" data-end=\"1585\">\ud83d\ude91 Transport m\u00e9dical assis pris en charge<\/h3>\n<p data-start=\"1588\" data-end=\"1795\">Le <strong data-start=\"1591\" data-end=\"1608\">transport VSL<\/strong> (V\u00e9hicule Sanitaire L\u00e9ger) est destin\u00e9 aux patients pouvant voyager en position assise et b\u00e9n\u00e9ficiant d\u2019une <strong data-start=\"1717\" data-end=\"1748\">prise en charge par la CPAM<\/strong>, sur pr\u00e9sentation d\u2019une prescription m\u00e9dicale.<\/p>\n<h3 data-start=\"1800\" data-end=\"1823\">\ud83d\udccd Zones desservies<\/h3>\n<p data-start=\"1826\" data-end=\"1912\">Nous assurons les transports VSL vers :<\/p>\n<ul data-start=\"1915\" data-end=\"1992\">\n<li data-start=\"1915\" data-end=\"1928\">\n<p data-start=\"1917\" data-end=\"1928\">La Rochelle<\/p>\n<\/li>\n<li data-start=\"1931\" data-end=\"1942\">\n<p data-start=\"1933\" data-end=\"1942\">Bordeaux<\/p>\n<\/li>\n<li data-start=\"1945\" data-end=\"1954\">\n<p data-start=\"1947\" data-end=\"1954\">Poitiers<\/p>\n<\/li>\n<li data-start=\"1957\" data-end=\"1964\">\n<p data-start=\"1959\" data-end=\"1964\">Limoges<\/p>\n<\/li>\n<li data-start=\"1967\" data-end=\"1977\">\n<p data-start=\"1969\" data-end=\"1977\">Nantes<\/p>\n<\/li>\n<li data-start=\"1980\" data-end=\"1990\">\n<p data-start=\"1982\" data-end=\"1990\">Saintes<\/p>\n<\/li>\n<\/ul>\n<h3 data-start=\"1995\" data-end=\"2046\">\ud83d\udcc5 Comment faire une demande de transport VSL ?<\/h3>\n<p data-start=\"2049\" data-end=\"2214\">Il vous suffit de remplir le formulaire ci-dessus. Nous vous recontactons rapidement pour confirmer la prise en charge et l\u2019organisation de votre transport m\u00e9dical.<\/p>\n<p data-start=\"2219\" data-end=\"2327\">\ud83d\udd12 Vos donn\u00e9es sont strictement confidentielles et utilis\u00e9es uniquement pour le traitement de votre demande.<\/p>\t\t\t\t\t\t\t\t<\/div>\n\t\t\t\t\t<\/div>\n\t\t\t\t<\/div>\n\t\t<div class=\"elementor-element elementor-element-e5b622c e-flex e-con-boxed e-con e-parent\" data-id=\"e5b622c\" data-element_type=\"container\" data-e-type=\"container\">\n\t\t\t\t\t<div class=\"e-con-inner\">\n\t\t\t\t<div class=\"elementor-element elementor-element-99eb94c elementor-widget elementor-widget-image\" data-id=\"99eb94c\" data-element_type=\"widget\" data-e-type=\"widget\" data-widget_type=\"image.default\">\n\t\t\t\t\t\t\t\t\t\t\t\t\t\t\t<img fetchpriority=\"high\" decoding=\"async\" width=\"597\" height=\"597\" src=\"https:\/\/taxi-conventionne-17.fr\/wp-content\/uploads\/2025\/07\/taxi-conventionne-varzay-bertrand.jpg.png\" class=\"attachment-large size-large wp-image-61\" alt=\"\" srcset=\"https:\/\/taxi-conventionne-17.fr\/wp-content\/uploads\/2025\/07\/taxi-conventionne-varzay-bertrand.jpg.png 597w, https:\/\/taxi-conventionne-17.fr\/wp-content\/uploads\/2025\/07\/taxi-conventionne-varzay-bertrand.jpg-300x300.png 300w, https:\/\/taxi-conventionne-17.fr\/wp-content\/uploads\/2025\/07\/taxi-conventionne-varzay-bertrand.jpg-150x150.png 150w\" sizes=\"(max-width: 597px) 100vw, 597px\" \/>\t\t\t\t\t\t\t\t\t\t\t\t\t\t\t<\/div>\n\t\t\t\t\t<\/div>\n\t\t\t\t<\/div>\n\t\t<div class=\"elementor-element elementor-element-6c3ae53 e-flex e-con-boxed e-con e-parent\" data-id=\"6c3ae53\" data-element_type=\"container\" data-e-type=\"container\">\n\t\t\t\t\t<div class=\"e-con-inner\">\n\t\t\t\t<div class=\"elementor-element elementor-element-fbc0e67 elementor-widget elementor-widget-text-editor\" data-id=\"fbc0e67\" data-element_type=\"widget\" data-e-type=\"widget\" data-widget_type=\"text-editor.default\">\n\t\t\t\t\t\t\t\t\t<p>https:\/\/www.ameli.fr\/charente-maritime\/transporteur-sanitaire\/exercice-professionnel\/facturation\/tarifs\/vsl-tarifs-conventionnels<\/p>\t\t\t\t\t\t\t\t<\/div>\n\t\t\t\t\t<\/div>\n\t\t\t\t<\/div>\n\t\t\t\t<\/div>\n\t\t","protected":false},"excerpt":{"rendered":"<p>Transport VSL \u00e0 Varzay \u2013 Secteur Saujon et Saintes Vous recherchez un transport VSL conventionn\u00e9 CPAM en Charente-Maritime (17) pour [&hellip;]<\/p>\n","protected":false},"author":1,"featured_media":0,"parent":0,"menu_order":0,"comment_status":"closed","ping_status":"closed","template":"","meta":{"site-sidebar-layout":"default","site-content-layout":"","ast-site-content-layout":"default","site-content-style":"default","site-sidebar-style":"default","ast-global-header-display":"","ast-banner-title-visibility":"","ast-main-header-display":"","ast-hfb-above-header-display":"","ast-hfb-below-header-display":"","ast-hfb-mobile-header-display":"","site-post-title":"","ast-breadcrumbs-content":"","ast-featured-img":"","footer-sml-layout":"","ast-disable-related-posts":"","theme-transparent-header-meta":"","adv-header-id-meta":"","stick-header-meta":"","header-above-stick-meta":"","header-main-stick-meta":"","header-below-stick-meta":"","astra-migrate-meta-layouts":"default","ast-page-background-enabled":"default","ast-page-background-meta":{"desktop":{"background-color":"var(--ast-global-color-5)","background-image":"","background-repeat":"repeat","background-position":"center center","background-size":"auto","background-attachment":"scroll","background-type":"","background-media":"","overlay-type":"","overlay-color":"","overlay-opacity":"","overlay-gradient":""},"tablet":{"background-color":"","background-image":"","background-repeat":"repeat","background-position":"center center","background-size":"auto","background-attachment":"scroll","background-type":"","background-media":"","overlay-type":"","overlay-color":"","overlay-opacity":"","overlay-gradient":""},"mobile":{"background-color":"","background-image":"","background-repeat":"repeat","background-position":"center center","background-size":"auto","background-attachment":"scroll","background-type":"","background-media":"","overlay-type":"","overlay-color":"","overlay-opacity":"","overlay-gradient":""}},"ast-content-background-meta":{"desktop":{"background-color":"var(--ast-global-color-4)","background-image":"","background-repeat":"repeat","background-position":"center center","background-size":"auto","background-attachment":"scroll","background-type":"","background-media":"","overlay-type":"","overlay-color":"","overlay-opacity":"","overlay-gradient":""},"tablet":{"background-color":"var(--ast-global-color-4)","background-image":"","background-repeat":"repeat","background-position":"center center","background-size":"auto","background-attachment":"scroll","background-type":"","background-media":"","overlay-type":"","overlay-color":"","overlay-opacity":"","overlay-gradient":""},"mobile":{"background-color":"var(--ast-global-color-4)","background-image":"","background-repeat":"repeat","background-position":"center center","background-size":"auto","background-attachment":"scroll","background-type":"","background-media":"","overlay-type":"","overlay-color":"","overlay-opacity":"","overlay-gradient":""}},"footnotes":""},"class_list":["post-211","page","type-page","status-publish","hentry"],"yoast_head":"<!-- This site is optimized with the Yoast SEO plugin v26.9 - https:\/\/yoast.com\/product\/yoast-seo-wordpress\/ -->\n<title>Demande de transport VSL -<\/title>\n<meta name=\"description\" content=\"Transport VSL \u00e0 Varzay entre Saujon et Saintes. Taxi conventionn\u00e9 CPAM pour h\u00f4pitaux, cliniques et rendez-vous m\u00e9dicaux. Disponible 7j\/7.\" \/>\n<meta name=\"robots\" content=\"index, follow, max-snippet:-1, max-image-preview:large, max-video-preview:-1\" \/>\n<link rel=\"canonical\" href=\"https:\/\/taxi-conventionne-17.fr\/?page_id=211\" \/>\n<meta property=\"og:locale\" content=\"fr_FR\" \/>\n<meta property=\"og:type\" content=\"article\" \/>\n<meta property=\"og:title\" content=\"Demande de transport VSL -\" \/>\n<meta property=\"og:description\" content=\"Transport VSL \u00e0 Varzay entre Saujon et Saintes. Taxi conventionn\u00e9 CPAM pour h\u00f4pitaux, cliniques et rendez-vous m\u00e9dicaux. Disponible 7j\/7.\" \/>\n<meta property=\"og:url\" content=\"https:\/\/taxi-conventionne-17.fr\/?page_id=211\" \/>\n<meta property=\"article:publisher\" content=\"https:\/\/www.facebook.com\/profile.php?id=100084130257767\" \/>\n<meta property=\"article:modified_time\" content=\"2026-02-15T09:33:23+00:00\" \/>\n<meta property=\"og:image\" content=\"http:\/\/taxi-conventionne-17.fr\/wp-content\/uploads\/2025\/07\/taxi-conventionne-varzay-bertrand.jpg.png\" \/>\n<meta name=\"twitter:card\" content=\"summary_large_image\" \/>\n<script type=\"application\/ld+json\" class=\"yoast-schema-graph\">{\"@context\":\"https:\/\/schema.org\",\"@graph\":[{\"@type\":\"WebPage\",\"@id\":\"https:\/\/taxi-conventionne-17.fr\/?page_id=211\",\"url\":\"https:\/\/taxi-conventionne-17.fr\/?page_id=211\",\"name\":\"Demande de transport VSL -\",\"isPartOf\":{\"@id\":\"https:\/\/taxi-conventionne-17.fr\/#website\"},\"primaryImageOfPage\":{\"@id\":\"https:\/\/taxi-conventionne-17.fr\/?page_id=211#primaryimage\"},\"image\":{\"@id\":\"https:\/\/taxi-conventionne-17.fr\/?page_id=211#primaryimage\"},\"thumbnailUrl\":\"http:\/\/taxi-conventionne-17.fr\/wp-content\/uploads\/2025\/07\/taxi-conventionne-varzay-bertrand.jpg.png\",\"datePublished\":\"2025-12-21T06:40:47+00:00\",\"dateModified\":\"2026-02-15T09:33:23+00:00\",\"description\":\"Transport VSL \u00e0 Varzay entre Saujon et Saintes. Taxi conventionn\u00e9 CPAM pour h\u00f4pitaux, cliniques et rendez-vous m\u00e9dicaux. Disponible 7j\/7.\",\"breadcrumb\":{\"@id\":\"https:\/\/taxi-conventionne-17.fr\/?page_id=211#breadcrumb\"},\"inLanguage\":\"fr-FR\",\"potentialAction\":[{\"@type\":\"ReadAction\",\"target\":[\"https:\/\/taxi-conventionne-17.fr\/?page_id=211\"]}]},{\"@type\":\"ImageObject\",\"inLanguage\":\"fr-FR\",\"@id\":\"https:\/\/taxi-conventionne-17.fr\/?page_id=211#primaryimage\",\"url\":\"https:\/\/taxi-conventionne-17.fr\/wp-content\/uploads\/2025\/07\/taxi-conventionne-varzay-bertrand.jpg.png\",\"contentUrl\":\"https:\/\/taxi-conventionne-17.fr\/wp-content\/uploads\/2025\/07\/taxi-conventionne-varzay-bertrand.jpg.png\",\"width\":597,\"height\":597},{\"@type\":\"BreadcrumbList\",\"@id\":\"https:\/\/taxi-conventionne-17.fr\/?page_id=211#breadcrumb\",\"itemListElement\":[{\"@type\":\"ListItem\",\"position\":1,\"name\":\"Accueil\",\"item\":\"https:\/\/taxi-conventionne-17.fr\/\"},{\"@type\":\"ListItem\",\"position\":2,\"name\":\"Demande de transport VSL\"}]},{\"@type\":\"WebSite\",\"@id\":\"https:\/\/taxi-conventionne-17.fr\/#website\",\"url\":\"https:\/\/taxi-conventionne-17.fr\/\",\"name\":\"\",\"description\":\"Transport m\u00e9dical entre Saintes, Royan \u00e0 Varzay\",\"publisher\":{\"@id\":\"https:\/\/taxi-conventionne-17.fr\/#organization\"},\"potentialAction\":[{\"@type\":\"SearchAction\",\"target\":{\"@type\":\"EntryPoint\",\"urlTemplate\":\"https:\/\/taxi-conventionne-17.fr\/?s={search_term_string}\"},\"query-input\":{\"@type\":\"PropertyValueSpecification\",\"valueRequired\":true,\"valueName\":\"search_term_string\"}}],\"inLanguage\":\"fr-FR\"},{\"@type\":\"Organization\",\"@id\":\"https:\/\/taxi-conventionne-17.fr\/#organization\",\"name\":\"taxi bertrand\",\"alternateName\":\"taxi bertrand\",\"url\":\"https:\/\/taxi-conventionne-17.fr\/\",\"logo\":{\"@type\":\"ImageObject\",\"inLanguage\":\"fr-FR\",\"@id\":\"https:\/\/taxi-conventionne-17.fr\/#\/schema\/logo\/image\/\",\"url\":\"https:\/\/taxi-conventionne-17.fr\/wp-content\/uploads\/2025\/07\/FullLogo_Transparent_NoBuffer.png\",\"contentUrl\":\"https:\/\/taxi-conventionne-17.fr\/wp-content\/uploads\/2025\/07\/FullLogo_Transparent_NoBuffer.png\",\"width\":1280,\"height\":1159,\"caption\":\"taxi bertrand\"},\"image\":{\"@id\":\"https:\/\/taxi-conventionne-17.fr\/#\/schema\/logo\/image\/\"},\"sameAs\":[\"https:\/\/www.facebook.com\/profile.php?id=100084130257767\"]}]}<\/script>\n<!-- \/ Yoast SEO plugin. -->","yoast_head_json":{"title":"Demande de transport VSL -","description":"Transport VSL \u00e0 Varzay entre Saujon et Saintes. Taxi conventionn\u00e9 CPAM pour h\u00f4pitaux, cliniques et rendez-vous m\u00e9dicaux. Disponible 7j\/7.","robots":{"index":"index","follow":"follow","max-snippet":"max-snippet:-1","max-image-preview":"max-image-preview:large","max-video-preview":"max-video-preview:-1"},"canonical":"https:\/\/taxi-conventionne-17.fr\/?page_id=211","og_locale":"fr_FR","og_type":"article","og_title":"Demande de transport VSL -","og_description":"Transport VSL \u00e0 Varzay entre Saujon et Saintes. Taxi conventionn\u00e9 CPAM pour h\u00f4pitaux, cliniques et rendez-vous m\u00e9dicaux. Disponible 7j\/7.","og_url":"https:\/\/taxi-conventionne-17.fr\/?page_id=211","article_publisher":"https:\/\/www.facebook.com\/profile.php?id=100084130257767","article_modified_time":"2026-02-15T09:33:23+00:00","og_image":[{"url":"http:\/\/taxi-conventionne-17.fr\/wp-content\/uploads\/2025\/07\/taxi-conventionne-varzay-bertrand.jpg.png","type":"","width":"","height":""}],"twitter_card":"summary_large_image","schema":{"@context":"https:\/\/schema.org","@graph":[{"@type":"WebPage","@id":"https:\/\/taxi-conventionne-17.fr\/?page_id=211","url":"https:\/\/taxi-conventionne-17.fr\/?page_id=211","name":"Demande de transport VSL -","isPartOf":{"@id":"https:\/\/taxi-conventionne-17.fr\/#website"},"primaryImageOfPage":{"@id":"https:\/\/taxi-conventionne-17.fr\/?page_id=211#primaryimage"},"image":{"@id":"https:\/\/taxi-conventionne-17.fr\/?page_id=211#primaryimage"},"thumbnailUrl":"http:\/\/taxi-conventionne-17.fr\/wp-content\/uploads\/2025\/07\/taxi-conventionne-varzay-bertrand.jpg.png","datePublished":"2025-12-21T06:40:47+00:00","dateModified":"2026-02-15T09:33:23+00:00","description":"Transport VSL \u00e0 Varzay entre Saujon et Saintes. Taxi conventionn\u00e9 CPAM pour h\u00f4pitaux, cliniques et rendez-vous m\u00e9dicaux. Disponible 7j\/7.","breadcrumb":{"@id":"https:\/\/taxi-conventionne-17.fr\/?page_id=211#breadcrumb"},"inLanguage":"fr-FR","potentialAction":[{"@type":"ReadAction","target":["https:\/\/taxi-conventionne-17.fr\/?page_id=211"]}]},{"@type":"ImageObject","inLanguage":"fr-FR","@id":"https:\/\/taxi-conventionne-17.fr\/?page_id=211#primaryimage","url":"https:\/\/taxi-conventionne-17.fr\/wp-content\/uploads\/2025\/07\/taxi-conventionne-varzay-bertrand.jpg.png","contentUrl":"https:\/\/taxi-conventionne-17.fr\/wp-content\/uploads\/2025\/07\/taxi-conventionne-varzay-bertrand.jpg.png","width":597,"height":597},{"@type":"BreadcrumbList","@id":"https:\/\/taxi-conventionne-17.fr\/?page_id=211#breadcrumb","itemListElement":[{"@type":"ListItem","position":1,"name":"Accueil","item":"https:\/\/taxi-conventionne-17.fr\/"},{"@type":"ListItem","position":2,"name":"Demande de transport VSL"}]},{"@type":"WebSite","@id":"https:\/\/taxi-conventionne-17.fr\/#website","url":"https:\/\/taxi-conventionne-17.fr\/","name":"","description":"Transport m\u00e9dical entre Saintes, Royan \u00e0 Varzay","publisher":{"@id":"https:\/\/taxi-conventionne-17.fr\/#organization"},"potentialAction":[{"@type":"SearchAction","target":{"@type":"EntryPoint","urlTemplate":"https:\/\/taxi-conventionne-17.fr\/?s={search_term_string}"},"query-input":{"@type":"PropertyValueSpecification","valueRequired":true,"valueName":"search_term_string"}}],"inLanguage":"fr-FR"},{"@type":"Organization","@id":"https:\/\/taxi-conventionne-17.fr\/#organization","name":"taxi bertrand","alternateName":"taxi bertrand","url":"https:\/\/taxi-conventionne-17.fr\/","logo":{"@type":"ImageObject","inLanguage":"fr-FR","@id":"https:\/\/taxi-conventionne-17.fr\/#\/schema\/logo\/image\/","url":"https:\/\/taxi-conventionne-17.fr\/wp-content\/uploads\/2025\/07\/FullLogo_Transparent_NoBuffer.png","contentUrl":"https:\/\/taxi-conventionne-17.fr\/wp-content\/uploads\/2025\/07\/FullLogo_Transparent_NoBuffer.png","width":1280,"height":1159,"caption":"taxi bertrand"},"image":{"@id":"https:\/\/taxi-conventionne-17.fr\/#\/schema\/logo\/image\/"},"sameAs":["https:\/\/www.facebook.com\/profile.php?id=100084130257767"]}]}},"_links":{"self":[{"href":"https:\/\/taxi-conventionne-17.fr\/index.php?rest_route=\/wp\/v2\/pages\/211","targetHints":{"allow":["GET"]}}],"collection":[{"href":"https:\/\/taxi-conventionne-17.fr\/index.php?rest_route=\/wp\/v2\/pages"}],"about":[{"href":"https:\/\/taxi-conventionne-17.fr\/index.php?rest_route=\/wp\/v2\/types\/page"}],"author":[{"embeddable":true,"href":"https:\/\/taxi-conventionne-17.fr\/index.php?rest_route=\/wp\/v2\/users\/1"}],"replies":[{"embeddable":true,"href":"https:\/\/taxi-conventionne-17.fr\/index.php?rest_route=%2Fwp%2Fv2%2Fcomments&post=211"}],"version-history":[{"count":22,"href":"https:\/\/taxi-conventionne-17.fr\/index.php?rest_route=\/wp\/v2\/pages\/211\/revisions"}],"predecessor-version":[{"id":240,"href":"https:\/\/taxi-conventionne-17.fr\/index.php?rest_route=\/wp\/v2\/pages\/211\/revisions\/240"}],"wp:attachment":[{"href":"https:\/\/taxi-conventionne-17.fr\/index.php?rest_route=%2Fwp%2Fv2%2Fmedia&parent=211"}],"curies":[{"name":"wp","href":"https:\/\/api.w.org\/{rel}","templated":true}]}}