{"id":71,"date":"2025-07-03T11:07:11","date_gmt":"2025-07-03T11:07:11","guid":{"rendered":"http:\/\/taxi-conventionne-17.fr\/?page_id=71"},"modified":"2025-07-08T16:34:57","modified_gmt":"2025-07-08T16:34:57","slug":"elementor-71","status":"publish","type":"page","link":"https:\/\/taxi-conventionne-17.fr\/?page_id=71","title":{"rendered":"Taxi particuliers &amp; entreprises"},"content":{"rendered":"\t\t<div data-elementor-type=\"wp-page\" data-elementor-id=\"71\" class=\"elementor elementor-71\">\n\t\t\t\t<div class=\"elementor-element elementor-element-873023f e-flex e-con-boxed e-con e-parent\" data-id=\"873023f\" data-element_type=\"container\" data-e-type=\"container\">\n\t\t\t\t\t<div class=\"e-con-inner\">\n\t\t\t\t<div class=\"elementor-element elementor-element-e6d902b elementor-widget elementor-widget-heading\" data-id=\"e6d902b\" data-element_type=\"widget\" data-e-type=\"widget\" data-widget_type=\"heading.default\">\n\t\t\t\t\t<h1 class=\"elementor-heading-title elementor-size-default\">Taxi pour Particuliers &amp; Entreprises entre Saintes et Royan<\/h1>\t\t\t\t<\/div>\n\t\t\t\t<div class=\"elementor-element elementor-element-12894f5 elementor-widget elementor-widget-text-editor\" data-id=\"12894f5\" data-element_type=\"widget\" data-e-type=\"widget\" data-widget_type=\"text-editor.default\">\n\t\t\t\t\t\t\t\t\t<p>Vous \u00eates un <strong data-start=\"492\" data-end=\"507\">particulier<\/strong> ou une <strong data-start=\"515\" data-end=\"529\">entreprise<\/strong> bas\u00e9(e) entre <strong data-start=\"544\" data-end=\"555\">Saintes<\/strong> et <strong data-start=\"559\" data-end=\"568\">Royan<\/strong> ?<br data-start=\"570\" data-end=\"573\" \/><strong data-start=\"578\" data-end=\"595\">Taxi Bertrand<\/strong>, professionnel bas\u00e9 \u00e0 Varzay (17), vous accompagne pour tous vos d\u00e9placements en toute s\u00e9curit\u00e9 et ponctualit\u00e9.<br data-start=\"707\" data-end=\"710\" \/>Disponibilit\u00e9 sur r\u00e9servation, service sur mesure, discr\u00e9tion assur\u00e9e.<\/p>\t\t\t\t\t\t\t\t<\/div>\n\t\t\t\t<div class=\"elementor-element elementor-element-5875baf elementor-align-justify elementor-widget elementor-widget-button\" data-id=\"5875baf\" data-element_type=\"widget\" data-e-type=\"widget\" data-widget_type=\"button.default\">\n\t\t\t\t\t\t\t\t\t\t<a class=\"elementor-button elementor-button-link elementor-size-sm\" href=\"tel:+33769944585\">\n\t\t\t\t\t\t<span class=\"elementor-button-content-wrapper\">\n\t\t\t\t\t\t<span class=\"elementor-button-icon\">\n\t\t\t\t<svg aria-hidden=\"true\" class=\"e-font-icon-svg e-fas-phone-alt\" viewBox=\"0 0 512 512\" xmlns=\"http:\/\/www.w3.org\/2000\/svg\"><path d=\"M497.39 361.8l-112-48a24 24 0 0 0-28 6.9l-49.6 60.6A370.66 370.66 0 0 1 130.6 204.11l60.6-49.6a23.94 23.94 0 0 0 6.9-28l-48-112A24.16 24.16 0 0 0 122.6.61l-104 24A24 24 0 0 0 0 48c0 256.5 207.9 464 464 464a24 24 0 0 0 23.4-18.6l24-104a24.29 24.29 0 0 0-14.01-27.6z\"><\/path><\/svg>\t\t\t<\/span>\n\t\t\t\t\t\t\t\t\t<span class=\"elementor-button-text\">07.69.94.45.85<\/span>\n\t\t\t\t\t<\/span>\n\t\t\t\t\t<\/a>\n\t\t\t\t\t\t\t\t<\/div>\n\t\t\t\t\t<\/div>\n\t\t\t\t<\/div>\n\t\t<div class=\"elementor-element elementor-element-14f2220 e-grid e-con-boxed e-con e-parent\" data-id=\"14f2220\" data-element_type=\"container\" data-e-type=\"container\">\n\t\t\t\t\t<div class=\"e-con-inner\">\n\t\t\t\t<div class=\"elementor-element elementor-element-c96a51a elementor-widget elementor-widget-text-editor\" data-id=\"c96a51a\" data-element_type=\"widget\" data-e-type=\"widget\" data-widget_type=\"text-editor.default\">\n\t\t\t\t\t\t\t\t\t<h2 data-start=\"789\" data-end=\"827\">\ud83d\udfe8 POUR LES PARTICULIERS \ud83e\uddcd\u200d\u2642\ufe0f\ud83e\uddcd\u200d\u2640\ufe0f<\/h2><h3 data-start=\"829\" data-end=\"862\">\ud83d\ude95 Trajets toutes distances :<\/h3><blockquote data-start=\"863\" data-end=\"958\"><p data-start=\"865\" data-end=\"958\">D\u00e9placez-vous confortablement vers Royan, Saujon, Saintes, La Rochelle, Bordeaux, Poitiers&#8230;<\/p><\/blockquote><h3 data-start=\"960\" data-end=\"998\">\ud83c\udf92 Loisirs, vacances, \u00e9v\u00e9nements :<\/h3><blockquote data-start=\"999\" data-end=\"1095\"><p data-start=\"1001\" data-end=\"1095\">Mariage, sortie restaurant, gare ou a\u00e9roport ? Profitez de notre service ponctuel et flexible.<\/p><\/blockquote><h3 data-start=\"1097\" data-end=\"1124\">\ud83d\udcac R\u00e9servation simple :<\/h3><blockquote data-start=\"1125\" data-end=\"1180\"><p data-start=\"1127\" data-end=\"1180\">Contact par t\u00e9l\u00e9phone ou formulaire \u2013 r\u00e9ponse rapide.<\/p><\/blockquote>\t\t\t\t\t\t\t\t<\/div>\n\t\t\t\t\t<\/div>\n\t\t\t\t<\/div>\n\t\t<div class=\"elementor-element elementor-element-4a13f00 e-flex e-con-boxed e-con e-parent\" data-id=\"4a13f00\" data-element_type=\"container\" data-e-type=\"container\">\n\t\t\t\t\t<div class=\"e-con-inner\">\n\t\t\t\t<div class=\"elementor-element elementor-element-ee0380e elementor-widget elementor-widget-text-editor\" data-id=\"ee0380e\" data-element_type=\"widget\" data-e-type=\"widget\" data-widget_type=\"text-editor.default\">\n\t\t\t\t\t\t\t\t\t<h2 data-start=\"1187\" data-end=\"1216\">\ud83d\udfe8 POUR LES ENTREPRISES \ud83c\udfe2<\/h2><h3 data-start=\"1218\" data-end=\"1254\">\ud83d\udc54 Transport de collaborateurs :<\/h3><blockquote data-start=\"1255\" data-end=\"1344\"><p data-start=\"1257\" data-end=\"1344\">Accueillez vos clients ou d\u00e9placez vos \u00e9quipes en toute s\u00e9r\u00e9nit\u00e9, ponctualit\u00e9 garantie.<\/p><\/blockquote><h3 data-start=\"1346\" data-end=\"1373\">\ud83d\udcc5 Mise \u00e0 disposition :<\/h3><blockquote data-start=\"1374\" data-end=\"1480\"><p data-start=\"1376\" data-end=\"1480\">Vous avez besoin d\u2019un chauffeur pour plusieurs heures ou journ\u00e9es ? Nous proposons des forfaits adapt\u00e9s.<\/p><\/blockquote><h3 data-start=\"1482\" data-end=\"1510\">\ud83d\udcbc Facturation &amp; devis :<\/h3><blockquote data-start=\"1511\" data-end=\"1563\"><p data-start=\"1513\" data-end=\"1563\">Devis personnalis\u00e9s sur demande \u2013 TVA r\u00e9cup\u00e9rable.<\/p><\/blockquote><hr data-start=\"1565\" data-end=\"1568\" \/><h2 data-start=\"1570\" data-end=\"1598\">\ud83d\udfeb ZONE D\u2019INTERVENTION \ud83d\udccd<\/h2><blockquote data-start=\"1600\" data-end=\"1741\"><p data-start=\"1602\" data-end=\"1741\">Nous intervenons rapidement entre <strong data-start=\"1636\" data-end=\"1647\">Saintes<\/strong>, <strong data-start=\"1649\" data-end=\"1658\">Royan<\/strong>, <strong data-start=\"1660\" data-end=\"1670\">Saujon<\/strong>, <strong data-start=\"1672\" data-end=\"1700\">Saint-Georges-de-Didonne<\/strong>, et dans toute la <strong data-start=\"1719\" data-end=\"1740\">Charente-Maritime<\/strong>.<\/p><\/blockquote>\t\t\t\t\t\t\t\t<\/div>\n\t\t\t\t\t<\/div>\n\t\t\t\t<\/div>\n\t\t\t\t<\/div>\n\t\t","protected":false},"excerpt":{"rendered":"<p>Taxi pour Particuliers &amp; Entreprises entre Saintes et Royan Vous \u00eates un particulier ou une entreprise bas\u00e9(e) entre Saintes et [&hellip;]<\/p>\n","protected":false},"author":1,"featured_media":0,"parent":0,"menu_order":0,"comment_status":"closed","ping_status":"closed","template":"","meta":{"site-sidebar-layout":"no-sidebar","site-content-layout":"","ast-site-content-layout":"full-width-container","site-content-style":"default","site-sidebar-style":"default","ast-global-header-display":"","ast-banner-title-visibility":"","ast-main-header-display":"","ast-hfb-above-header-display":"","ast-hfb-below-header-display":"","ast-hfb-mobile-header-display":"","site-post-title":"disabled","ast-breadcrumbs-content":"","ast-featured-img":"disabled","footer-sml-layout":"","ast-disable-related-posts":"","theme-transparent-header-meta":"","adv-header-id-meta":"","stick-header-meta":"","header-above-stick-meta":"","header-main-stick-meta":"","header-below-stick-meta":"","astra-migrate-meta-layouts":"default","ast-page-background-enabled":"default","ast-page-background-meta":{"desktop":{"background-color":"var(--ast-global-color-5)","background-image":"","background-repeat":"repeat","background-position":"center center","background-size":"auto","background-attachment":"scroll","background-type":"","background-media":"","overlay-type":"","overlay-color":"","overlay-opacity":"","overlay-gradient":""},"tablet":{"background-color":"","background-image":"","background-repeat":"repeat","background-position":"center center","background-size":"auto","background-attachment":"scroll","background-type":"","background-media":"","overlay-type":"","overlay-color":"","overlay-opacity":"","overlay-gradient":""},"mobile":{"background-color":"","background-image":"","background-repeat":"repeat","background-position":"center center","background-size":"auto","background-attachment":"scroll","background-type":"","background-media":"","overlay-type":"","overlay-color":"","overlay-opacity":"","overlay-gradient":""}},"ast-content-background-meta":{"desktop":{"background-color":"var(--ast-global-color-4)","background-image":"","background-repeat":"repeat","background-position":"center center","background-size":"auto","background-attachment":"scroll","background-type":"","background-media":"","overlay-type":"","overlay-color":"","overlay-opacity":"","overlay-gradient":""},"tablet":{"background-color":"var(--ast-global-color-4)","background-image":"","background-repeat":"repeat","background-position":"center center","background-size":"auto","background-attachment":"scroll","background-type":"","background-media":"","overlay-type":"","overlay-color":"","overlay-opacity":"","overlay-gradient":""},"mobile":{"background-color":"var(--ast-global-color-4)","background-image":"","background-repeat":"repeat","background-position":"center center","background-size":"auto","background-attachment":"scroll","background-type":"","background-media":"","overlay-type":"","overlay-color":"","overlay-opacity":"","overlay-gradient":""}},"footnotes":""},"class_list":["post-71","page","type-page","status-publish","hentry"],"yoast_head":"<!-- This site is optimized with the Yoast SEO plugin v26.9 - https:\/\/yoast.com\/product\/yoast-seo-wordpress\/ -->\n<title>Taxi particuliers &amp; entreprises -<\/title>\n<meta name=\"robots\" content=\"index, follow, max-snippet:-1, max-image-preview:large, max-video-preview:-1\" \/>\n<link rel=\"canonical\" href=\"https:\/\/taxi-conventionne-17.fr\/?page_id=71\" \/>\n<meta property=\"og:locale\" content=\"fr_FR\" \/>\n<meta property=\"og:type\" content=\"article\" \/>\n<meta property=\"og:title\" content=\"Taxi particuliers &amp; entreprises -\" \/>\n<meta property=\"og:description\" content=\"Taxi pour Particuliers &amp; Entreprises entre Saintes et Royan Vous \u00eates un particulier ou une entreprise bas\u00e9(e) entre Saintes et [&hellip;]\" \/>\n<meta property=\"og:url\" content=\"https:\/\/taxi-conventionne-17.fr\/?page_id=71\" \/>\n<meta property=\"article:publisher\" content=\"https:\/\/www.facebook.com\/profile.php?id=100084130257767\" \/>\n<meta property=\"article:modified_time\" content=\"2025-07-08T16:34:57+00:00\" \/>\n<meta name=\"twitter:card\" content=\"summary_large_image\" \/>\n<meta name=\"twitter:label1\" content=\"Dur\u00e9e de lecture estim\u00e9e\" \/>\n\t<meta name=\"twitter:data1\" content=\"1 minute\" \/>\n<script type=\"application\/ld+json\" class=\"yoast-schema-graph\">{\"@context\":\"https:\/\/schema.org\",\"@graph\":[{\"@type\":\"WebPage\",\"@id\":\"https:\/\/taxi-conventionne-17.fr\/?page_id=71\",\"url\":\"https:\/\/taxi-conventionne-17.fr\/?page_id=71\",\"name\":\"Taxi particuliers &amp; entreprises -\",\"isPartOf\":{\"@id\":\"https:\/\/taxi-conventionne-17.fr\/#website\"},\"datePublished\":\"2025-07-03T11:07:11+00:00\",\"dateModified\":\"2025-07-08T16:34:57+00:00\",\"breadcrumb\":{\"@id\":\"https:\/\/taxi-conventionne-17.fr\/?page_id=71#breadcrumb\"},\"inLanguage\":\"fr-FR\",\"potentialAction\":[{\"@type\":\"ReadAction\",\"target\":[\"https:\/\/taxi-conventionne-17.fr\/?page_id=71\"]}]},{\"@type\":\"BreadcrumbList\",\"@id\":\"https:\/\/taxi-conventionne-17.fr\/?page_id=71#breadcrumb\",\"itemListElement\":[{\"@type\":\"ListItem\",\"position\":1,\"name\":\"Accueil\",\"item\":\"https:\/\/taxi-conventionne-17.fr\/\"},{\"@type\":\"ListItem\",\"position\":2,\"name\":\"Taxi particuliers &amp; entreprises\"}]},{\"@type\":\"WebSite\",\"@id\":\"https:\/\/taxi-conventionne-17.fr\/#website\",\"url\":\"https:\/\/taxi-conventionne-17.fr\/\",\"name\":\"\",\"description\":\"Transport m\u00e9dical entre Saintes, Royan \u00e0 Varzay\",\"publisher\":{\"@id\":\"https:\/\/taxi-conventionne-17.fr\/#organization\"},\"potentialAction\":[{\"@type\":\"SearchAction\",\"target\":{\"@type\":\"EntryPoint\",\"urlTemplate\":\"https:\/\/taxi-conventionne-17.fr\/?s={search_term_string}\"},\"query-input\":{\"@type\":\"PropertyValueSpecification\",\"valueRequired\":true,\"valueName\":\"search_term_string\"}}],\"inLanguage\":\"fr-FR\"},{\"@type\":\"Organization\",\"@id\":\"https:\/\/taxi-conventionne-17.fr\/#organization\",\"name\":\"taxi bertrand\",\"alternateName\":\"taxi bertrand\",\"url\":\"https:\/\/taxi-conventionne-17.fr\/\",\"logo\":{\"@type\":\"ImageObject\",\"inLanguage\":\"fr-FR\",\"@id\":\"https:\/\/taxi-conventionne-17.fr\/#\/schema\/logo\/image\/\",\"url\":\"https:\/\/taxi-conventionne-17.fr\/wp-content\/uploads\/2025\/07\/FullLogo_Transparent_NoBuffer.png\",\"contentUrl\":\"https:\/\/taxi-conventionne-17.fr\/wp-content\/uploads\/2025\/07\/FullLogo_Transparent_NoBuffer.png\",\"width\":1280,\"height\":1159,\"caption\":\"taxi bertrand\"},\"image\":{\"@id\":\"https:\/\/taxi-conventionne-17.fr\/#\/schema\/logo\/image\/\"},\"sameAs\":[\"https:\/\/www.facebook.com\/profile.php?id=100084130257767\"]}]}<\/script>\n<!-- \/ Yoast SEO plugin. -->","yoast_head_json":{"title":"Taxi particuliers &amp; entreprises -","robots":{"index":"index","follow":"follow","max-snippet":"max-snippet:-1","max-image-preview":"max-image-preview:large","max-video-preview":"max-video-preview:-1"},"canonical":"https:\/\/taxi-conventionne-17.fr\/?page_id=71","og_locale":"fr_FR","og_type":"article","og_title":"Taxi particuliers &amp; entreprises -","og_description":"Taxi pour Particuliers &amp; Entreprises entre Saintes et Royan Vous \u00eates un particulier ou une entreprise bas\u00e9(e) entre Saintes et [&hellip;]","og_url":"https:\/\/taxi-conventionne-17.fr\/?page_id=71","article_publisher":"https:\/\/www.facebook.com\/profile.php?id=100084130257767","article_modified_time":"2025-07-08T16:34:57+00:00","twitter_card":"summary_large_image","twitter_misc":{"Dur\u00e9e de lecture estim\u00e9e":"1 minute"},"schema":{"@context":"https:\/\/schema.org","@graph":[{"@type":"WebPage","@id":"https:\/\/taxi-conventionne-17.fr\/?page_id=71","url":"https:\/\/taxi-conventionne-17.fr\/?page_id=71","name":"Taxi particuliers &amp; entreprises -","isPartOf":{"@id":"https:\/\/taxi-conventionne-17.fr\/#website"},"datePublished":"2025-07-03T11:07:11+00:00","dateModified":"2025-07-08T16:34:57+00:00","breadcrumb":{"@id":"https:\/\/taxi-conventionne-17.fr\/?page_id=71#breadcrumb"},"inLanguage":"fr-FR","potentialAction":[{"@type":"ReadAction","target":["https:\/\/taxi-conventionne-17.fr\/?page_id=71"]}]},{"@type":"BreadcrumbList","@id":"https:\/\/taxi-conventionne-17.fr\/?page_id=71#breadcrumb","itemListElement":[{"@type":"ListItem","position":1,"name":"Accueil","item":"https:\/\/taxi-conventionne-17.fr\/"},{"@type":"ListItem","position":2,"name":"Taxi particuliers &amp; entreprises"}]},{"@type":"WebSite","@id":"https:\/\/taxi-conventionne-17.fr\/#website","url":"https:\/\/taxi-conventionne-17.fr\/","name":"","description":"Transport m\u00e9dical entre Saintes, Royan \u00e0 Varzay","publisher":{"@id":"https:\/\/taxi-conventionne-17.fr\/#organization"},"potentialAction":[{"@type":"SearchAction","target":{"@type":"EntryPoint","urlTemplate":"https:\/\/taxi-conventionne-17.fr\/?s={search_term_string}"},"query-input":{"@type":"PropertyValueSpecification","valueRequired":true,"valueName":"search_term_string"}}],"inLanguage":"fr-FR"},{"@type":"Organization","@id":"https:\/\/taxi-conventionne-17.fr\/#organization","name":"taxi bertrand","alternateName":"taxi bertrand","url":"https:\/\/taxi-conventionne-17.fr\/","logo":{"@type":"ImageObject","inLanguage":"fr-FR","@id":"https:\/\/taxi-conventionne-17.fr\/#\/schema\/logo\/image\/","url":"https:\/\/taxi-conventionne-17.fr\/wp-content\/uploads\/2025\/07\/FullLogo_Transparent_NoBuffer.png","contentUrl":"https:\/\/taxi-conventionne-17.fr\/wp-content\/uploads\/2025\/07\/FullLogo_Transparent_NoBuffer.png","width":1280,"height":1159,"caption":"taxi bertrand"},"image":{"@id":"https:\/\/taxi-conventionne-17.fr\/#\/schema\/logo\/image\/"},"sameAs":["https:\/\/www.facebook.com\/profile.php?id=100084130257767"]}]}},"_links":{"self":[{"href":"https:\/\/taxi-conventionne-17.fr\/index.php?rest_route=\/wp\/v2\/pages\/71","targetHints":{"allow":["GET"]}}],"collection":[{"href":"https:\/\/taxi-conventionne-17.fr\/index.php?rest_route=\/wp\/v2\/pages"}],"about":[{"href":"https:\/\/taxi-conventionne-17.fr\/index.php?rest_route=\/wp\/v2\/types\/page"}],"author":[{"embeddable":true,"href":"https:\/\/taxi-conventionne-17.fr\/index.php?rest_route=\/wp\/v2\/users\/1"}],"replies":[{"embeddable":true,"href":"https:\/\/taxi-conventionne-17.fr\/index.php?rest_route=%2Fwp%2Fv2%2Fcomments&post=71"}],"version-history":[{"count":28,"href":"https:\/\/taxi-conventionne-17.fr\/index.php?rest_route=\/wp\/v2\/pages\/71\/revisions"}],"predecessor-version":[{"id":196,"href":"https:\/\/taxi-conventionne-17.fr\/index.php?rest_route=\/wp\/v2\/pages\/71\/revisions\/196"}],"wp:attachment":[{"href":"https:\/\/taxi-conventionne-17.fr\/index.php?rest_route=%2Fwp%2Fv2%2Fmedia&parent=71"}],"curies":[{"name":"wp","href":"https:\/\/api.w.org\/{rel}","templated":true}]}}