{"id":96,"date":"2025-07-06T14:19:15","date_gmt":"2025-07-06T14:19:15","guid":{"rendered":"http:\/\/taxi-conventionne-17.fr\/?page_id=96"},"modified":"2025-07-06T15:18:31","modified_gmt":"2025-07-06T15:18:31","slug":"assistance","status":"publish","type":"page","link":"https:\/\/taxi-conventionne-17.fr\/?page_id=96","title":{"rendered":"Assistance"},"content":{"rendered":"\t\t<div data-elementor-type=\"wp-page\" data-elementor-id=\"96\" class=\"elementor elementor-96\">\n\t\t\t\t<div class=\"elementor-element elementor-element-4a981c2 e-flex e-con-boxed e-con e-parent\" data-id=\"4a981c2\" data-element_type=\"container\" data-e-type=\"container\">\n\t\t\t\t\t<div class=\"e-con-inner\">\n\t\t\t\t<div class=\"elementor-element elementor-element-217c9b5 elementor-widget elementor-widget-heading\" data-id=\"217c9b5\" data-element_type=\"widget\" data-e-type=\"widget\" data-widget_type=\"heading.default\">\n\t\t\t\t\t<h1 class=\"elementor-heading-title elementor-size-default\">Service de Taxi Assistance &amp; Rapatriement \u2013 Disponible 7j\/7 en Charente-Maritime<\/h1>\t\t\t\t<\/div>\n\t\t\t\t<div class=\"elementor-element elementor-element-8dc145b elementor-widget elementor-widget-text-editor\" data-id=\"8dc145b\" data-element_type=\"widget\" data-e-type=\"widget\" data-widget_type=\"text-editor.default\">\n\t\t\t\t\t\t\t\t\t<p>Vous \u00eates un <strong data-start=\"465\" data-end=\"478\">assisteur<\/strong>, une <strong data-start=\"484\" data-end=\"509\">compagnie d\u2019assurance<\/strong>, ou un particulier ayant besoin d\u2019un <strong data-start=\"547\" data-end=\"610\">rapatriement suite \u00e0 une panne, accident ou hospitalisation<\/strong> ?<br data-start=\"612\" data-end=\"615\" \/>Le <strong data-start=\"620\" data-end=\"637\">Taxi Bertrand<\/strong>, situ\u00e9 \u00e0 Varzay pr\u00e8s de Saintes et Royan, intervient rapidement pour assurer le <strong data-start=\"709\" data-end=\"758\">transport de personnes en situation d\u2019urgence<\/strong> ou en relais de prestataire d\u2019assistance.<\/p>\t\t\t\t\t\t\t\t<\/div>\n\t\t\t\t<div class=\"elementor-element elementor-element-9a57328 elementor-widget elementor-widget-text-editor\" data-id=\"9a57328\" data-element_type=\"widget\" data-e-type=\"widget\" data-widget_type=\"text-editor.default\">\n\t\t\t\t\t\t\t\t\t<h3 data-start=\"807\" data-end=\"838\">\u2705 NOS SERVICES D\u2019ASSISTANCE<\/h3><h4 data-start=\"840\" data-end=\"873\">\ud83d\udea8 Prise en charge imm\u00e9diate<\/h4><blockquote data-start=\"874\" data-end=\"958\"><p data-start=\"876\" data-end=\"958\">Intervention rapide suite \u00e0 un appel d\u2019un assisteur, garage, ou centre hospitalier<\/p><\/blockquote><h4 data-start=\"960\" data-end=\"1006\">\ud83c\udfe5 Retour \u00e0 domicile ou transfert m\u00e9dical<\/h4><blockquote data-start=\"1007\" data-end=\"1105\"><p data-start=\"1009\" data-end=\"1105\">Pour particuliers immobilis\u00e9s loin de leur domicile apr\u00e8s un accident, panne, ou hospitalisation<\/p><\/blockquote><h4 data-start=\"1107\" data-end=\"1147\">\ud83d\ude97 Assistance voyageurs en d\u00e9tresse<\/h4><blockquote data-start=\"1148\" data-end=\"1227\"><p data-start=\"1150\" data-end=\"1227\">Transport des passagers en attente d\u2019un d\u00e9pannage ou rapatriement du v\u00e9hicule<\/p><\/blockquote><h4 data-start=\"1229\" data-end=\"1272\">\ud83e\udd1d Partenariat assisteurs &amp; assurances<\/h4><blockquote data-start=\"1273\" data-end=\"1379\"><p data-start=\"1275\" data-end=\"1379\">Travail avec toutes les grandes plateformes d\u2019assistance \u2013 facturation possible directement \u00e0 l\u2019assureur<\/p><\/blockquote>\t\t\t\t\t\t\t\t<\/div>\n\t\t\t\t\t<\/div>\n\t\t\t\t<\/div>\n\t\t<div class=\"elementor-element elementor-element-dbc1aad e-flex e-con-boxed e-con e-parent\" data-id=\"dbc1aad\" data-element_type=\"container\" data-e-type=\"container\">\n\t\t\t\t\t<div class=\"e-con-inner\">\n\t\t\t\t<div class=\"elementor-element elementor-element-32f0ae2 elementor-widget elementor-widget-text-editor\" data-id=\"32f0ae2\" data-element_type=\"widget\" data-e-type=\"widget\" data-widget_type=\"text-editor.default\">\n\t\t\t\t\t\t\t\t\t<h3 data-start=\"1386\" data-end=\"1427\">\u2705 DISPONIBILIT\u00c9 &amp; ZONE D\u2019INTERVENTION<\/h3><blockquote data-start=\"1429\" data-end=\"1607\"><p data-start=\"1431\" data-end=\"1607\">\ud83d\udccd Intervention rapide autour de :<br data-start=\"1465\" data-end=\"1468\" \/><strong data-start=\"1468\" data-end=\"1479\">Saintes<\/strong>, <strong data-start=\"1481\" data-end=\"1490\">Royan<\/strong>, <strong data-start=\"1492\" data-end=\"1502\">Saujon<\/strong>, <strong data-start=\"1504\" data-end=\"1519\">La Rochelle<\/strong>, <strong data-start=\"1521\" data-end=\"1534\">Angoul\u00eame<\/strong>, <strong data-start=\"1536\" data-end=\"1548\">Poitiers<\/strong>, etc.<br data-start=\"1554\" data-end=\"1557\" \/>Trajets longue distance assur\u00e9s partout en France.<\/p><\/blockquote>\t\t\t\t\t\t\t\t<\/div>\n\t\t\t\t\t<\/div>\n\t\t\t\t<\/div>\n\t\t\t\t<\/div>\n\t\t","protected":false},"excerpt":{"rendered":"<p>Service de Taxi Assistance &amp; Rapatriement \u2013 Disponible 7j\/7 en Charente-Maritime Vous \u00eates un assisteur, une compagnie d\u2019assurance, ou un [&hellip;]<\/p>\n","protected":false},"author":1,"featured_media":0,"parent":0,"menu_order":0,"comment_status":"closed","ping_status":"closed","template":"","meta":{"site-sidebar-layout":"no-sidebar","site-content-layout":"","ast-site-content-layout":"full-width-container","site-content-style":"default","site-sidebar-style":"default","ast-global-header-display":"","ast-banner-title-visibility":"","ast-main-header-display":"","ast-hfb-above-header-display":"","ast-hfb-below-header-display":"","ast-hfb-mobile-header-display":"","site-post-title":"disabled","ast-breadcrumbs-content":"","ast-featured-img":"disabled","footer-sml-layout":"","ast-disable-related-posts":"","theme-transparent-header-meta":"","adv-header-id-meta":"","stick-header-meta":"","header-above-stick-meta":"","header-main-stick-meta":"","header-below-stick-meta":"","astra-migrate-meta-layouts":"default","ast-page-background-enabled":"default","ast-page-background-meta":{"desktop":{"background-color":"var(--ast-global-color-5)","background-image":"","background-repeat":"repeat","background-position":"center center","background-size":"auto","background-attachment":"scroll","background-type":"","background-media":"","overlay-type":"","overlay-color":"","overlay-opacity":"","overlay-gradient":""},"tablet":{"background-color":"","background-image":"","background-repeat":"repeat","background-position":"center center","background-size":"auto","background-attachment":"scroll","background-type":"","background-media":"","overlay-type":"","overlay-color":"","overlay-opacity":"","overlay-gradient":""},"mobile":{"background-color":"","background-image":"","background-repeat":"repeat","background-position":"center center","background-size":"auto","background-attachment":"scroll","background-type":"","background-media":"","overlay-type":"","overlay-color":"","overlay-opacity":"","overlay-gradient":""}},"ast-content-background-meta":{"desktop":{"background-color":"var(--ast-global-color-4)","background-image":"","background-repeat":"repeat","background-position":"center center","background-size":"auto","background-attachment":"scroll","background-type":"","background-media":"","overlay-type":"","overlay-color":"","overlay-opacity":"","overlay-gradient":""},"tablet":{"background-color":"var(--ast-global-color-4)","background-image":"","background-repeat":"repeat","background-position":"center center","background-size":"auto","background-attachment":"scroll","background-type":"","background-media":"","overlay-type":"","overlay-color":"","overlay-opacity":"","overlay-gradient":""},"mobile":{"background-color":"var(--ast-global-color-4)","background-image":"","background-repeat":"repeat","background-position":"center center","background-size":"auto","background-attachment":"scroll","background-type":"","background-media":"","overlay-type":"","overlay-color":"","overlay-opacity":"","overlay-gradient":""}},"footnotes":""},"class_list":["post-96","page","type-page","status-publish","hentry"],"yoast_head":"<!-- This site is optimized with the Yoast SEO plugin v26.9 - https:\/\/yoast.com\/product\/yoast-seo-wordpress\/ -->\n<title>Assistance -<\/title>\n<meta name=\"robots\" content=\"index, follow, max-snippet:-1, max-image-preview:large, max-video-preview:-1\" \/>\n<link rel=\"canonical\" href=\"https:\/\/taxi-conventionne-17.fr\/?page_id=96\" \/>\n<meta property=\"og:locale\" content=\"fr_FR\" \/>\n<meta property=\"og:type\" content=\"article\" \/>\n<meta property=\"og:title\" content=\"Assistance -\" \/>\n<meta property=\"og:description\" content=\"Service de Taxi Assistance &amp; Rapatriement \u2013 Disponible 7j\/7 en Charente-Maritime Vous \u00eates un assisteur, une compagnie d\u2019assurance, ou un [&hellip;]\" \/>\n<meta property=\"og:url\" content=\"https:\/\/taxi-conventionne-17.fr\/?page_id=96\" \/>\n<meta property=\"article:publisher\" content=\"https:\/\/www.facebook.com\/profile.php?id=100084130257767\" \/>\n<meta property=\"article:modified_time\" content=\"2025-07-06T15:18:31+00:00\" \/>\n<meta name=\"twitter:card\" content=\"summary_large_image\" \/>\n<meta name=\"twitter:label1\" content=\"Dur\u00e9e de lecture estim\u00e9e\" \/>\n\t<meta name=\"twitter:data1\" content=\"1 minute\" \/>\n<script type=\"application\/ld+json\" class=\"yoast-schema-graph\">{\"@context\":\"https:\/\/schema.org\",\"@graph\":[{\"@type\":\"WebPage\",\"@id\":\"https:\/\/taxi-conventionne-17.fr\/?page_id=96\",\"url\":\"https:\/\/taxi-conventionne-17.fr\/?page_id=96\",\"name\":\"Assistance -\",\"isPartOf\":{\"@id\":\"https:\/\/taxi-conventionne-17.fr\/#website\"},\"datePublished\":\"2025-07-06T14:19:15+00:00\",\"dateModified\":\"2025-07-06T15:18:31+00:00\",\"breadcrumb\":{\"@id\":\"https:\/\/taxi-conventionne-17.fr\/?page_id=96#breadcrumb\"},\"inLanguage\":\"fr-FR\",\"potentialAction\":[{\"@type\":\"ReadAction\",\"target\":[\"https:\/\/taxi-conventionne-17.fr\/?page_id=96\"]}]},{\"@type\":\"BreadcrumbList\",\"@id\":\"https:\/\/taxi-conventionne-17.fr\/?page_id=96#breadcrumb\",\"itemListElement\":[{\"@type\":\"ListItem\",\"position\":1,\"name\":\"Accueil\",\"item\":\"https:\/\/taxi-conventionne-17.fr\/\"},{\"@type\":\"ListItem\",\"position\":2,\"name\":\"Assistance\"}]},{\"@type\":\"WebSite\",\"@id\":\"https:\/\/taxi-conventionne-17.fr\/#website\",\"url\":\"https:\/\/taxi-conventionne-17.fr\/\",\"name\":\"\",\"description\":\"Transport m\u00e9dical entre Saintes, Royan \u00e0 Varzay\",\"publisher\":{\"@id\":\"https:\/\/taxi-conventionne-17.fr\/#organization\"},\"potentialAction\":[{\"@type\":\"SearchAction\",\"target\":{\"@type\":\"EntryPoint\",\"urlTemplate\":\"https:\/\/taxi-conventionne-17.fr\/?s={search_term_string}\"},\"query-input\":{\"@type\":\"PropertyValueSpecification\",\"valueRequired\":true,\"valueName\":\"search_term_string\"}}],\"inLanguage\":\"fr-FR\"},{\"@type\":\"Organization\",\"@id\":\"https:\/\/taxi-conventionne-17.fr\/#organization\",\"name\":\"taxi bertrand\",\"alternateName\":\"taxi bertrand\",\"url\":\"https:\/\/taxi-conventionne-17.fr\/\",\"logo\":{\"@type\":\"ImageObject\",\"inLanguage\":\"fr-FR\",\"@id\":\"https:\/\/taxi-conventionne-17.fr\/#\/schema\/logo\/image\/\",\"url\":\"https:\/\/taxi-conventionne-17.fr\/wp-content\/uploads\/2025\/07\/FullLogo_Transparent_NoBuffer.png\",\"contentUrl\":\"https:\/\/taxi-conventionne-17.fr\/wp-content\/uploads\/2025\/07\/FullLogo_Transparent_NoBuffer.png\",\"width\":1280,\"height\":1159,\"caption\":\"taxi bertrand\"},\"image\":{\"@id\":\"https:\/\/taxi-conventionne-17.fr\/#\/schema\/logo\/image\/\"},\"sameAs\":[\"https:\/\/www.facebook.com\/profile.php?id=100084130257767\"]}]}<\/script>\n<!-- \/ Yoast SEO plugin. -->","yoast_head_json":{"title":"Assistance -","robots":{"index":"index","follow":"follow","max-snippet":"max-snippet:-1","max-image-preview":"max-image-preview:large","max-video-preview":"max-video-preview:-1"},"canonical":"https:\/\/taxi-conventionne-17.fr\/?page_id=96","og_locale":"fr_FR","og_type":"article","og_title":"Assistance -","og_description":"Service de Taxi Assistance &amp; Rapatriement \u2013 Disponible 7j\/7 en Charente-Maritime Vous \u00eates un assisteur, une compagnie d\u2019assurance, ou un [&hellip;]","og_url":"https:\/\/taxi-conventionne-17.fr\/?page_id=96","article_publisher":"https:\/\/www.facebook.com\/profile.php?id=100084130257767","article_modified_time":"2025-07-06T15:18:31+00:00","twitter_card":"summary_large_image","twitter_misc":{"Dur\u00e9e de lecture estim\u00e9e":"1 minute"},"schema":{"@context":"https:\/\/schema.org","@graph":[{"@type":"WebPage","@id":"https:\/\/taxi-conventionne-17.fr\/?page_id=96","url":"https:\/\/taxi-conventionne-17.fr\/?page_id=96","name":"Assistance -","isPartOf":{"@id":"https:\/\/taxi-conventionne-17.fr\/#website"},"datePublished":"2025-07-06T14:19:15+00:00","dateModified":"2025-07-06T15:18:31+00:00","breadcrumb":{"@id":"https:\/\/taxi-conventionne-17.fr\/?page_id=96#breadcrumb"},"inLanguage":"fr-FR","potentialAction":[{"@type":"ReadAction","target":["https:\/\/taxi-conventionne-17.fr\/?page_id=96"]}]},{"@type":"BreadcrumbList","@id":"https:\/\/taxi-conventionne-17.fr\/?page_id=96#breadcrumb","itemListElement":[{"@type":"ListItem","position":1,"name":"Accueil","item":"https:\/\/taxi-conventionne-17.fr\/"},{"@type":"ListItem","position":2,"name":"Assistance"}]},{"@type":"WebSite","@id":"https:\/\/taxi-conventionne-17.fr\/#website","url":"https:\/\/taxi-conventionne-17.fr\/","name":"","description":"Transport m\u00e9dical entre Saintes, Royan \u00e0 Varzay","publisher":{"@id":"https:\/\/taxi-conventionne-17.fr\/#organization"},"potentialAction":[{"@type":"SearchAction","target":{"@type":"EntryPoint","urlTemplate":"https:\/\/taxi-conventionne-17.fr\/?s={search_term_string}"},"query-input":{"@type":"PropertyValueSpecification","valueRequired":true,"valueName":"search_term_string"}}],"inLanguage":"fr-FR"},{"@type":"Organization","@id":"https:\/\/taxi-conventionne-17.fr\/#organization","name":"taxi bertrand","alternateName":"taxi bertrand","url":"https:\/\/taxi-conventionne-17.fr\/","logo":{"@type":"ImageObject","inLanguage":"fr-FR","@id":"https:\/\/taxi-conventionne-17.fr\/#\/schema\/logo\/image\/","url":"https:\/\/taxi-conventionne-17.fr\/wp-content\/uploads\/2025\/07\/FullLogo_Transparent_NoBuffer.png","contentUrl":"https:\/\/taxi-conventionne-17.fr\/wp-content\/uploads\/2025\/07\/FullLogo_Transparent_NoBuffer.png","width":1280,"height":1159,"caption":"taxi bertrand"},"image":{"@id":"https:\/\/taxi-conventionne-17.fr\/#\/schema\/logo\/image\/"},"sameAs":["https:\/\/www.facebook.com\/profile.php?id=100084130257767"]}]}},"_links":{"self":[{"href":"https:\/\/taxi-conventionne-17.fr\/index.php?rest_route=\/wp\/v2\/pages\/96","targetHints":{"allow":["GET"]}}],"collection":[{"href":"https:\/\/taxi-conventionne-17.fr\/index.php?rest_route=\/wp\/v2\/pages"}],"about":[{"href":"https:\/\/taxi-conventionne-17.fr\/index.php?rest_route=\/wp\/v2\/types\/page"}],"author":[{"embeddable":true,"href":"https:\/\/taxi-conventionne-17.fr\/index.php?rest_route=\/wp\/v2\/users\/1"}],"replies":[{"embeddable":true,"href":"https:\/\/taxi-conventionne-17.fr\/index.php?rest_route=%2Fwp%2Fv2%2Fcomments&post=96"}],"version-history":[{"count":4,"href":"https:\/\/taxi-conventionne-17.fr\/index.php?rest_route=\/wp\/v2\/pages\/96\/revisions"}],"predecessor-version":[{"id":150,"href":"https:\/\/taxi-conventionne-17.fr\/index.php?rest_route=\/wp\/v2\/pages\/96\/revisions\/150"}],"wp:attachment":[{"href":"https:\/\/taxi-conventionne-17.fr\/index.php?rest_route=%2Fwp%2Fv2%2Fmedia&parent=96"}],"curies":[{"name":"wp","href":"https:\/\/api.w.org\/{rel}","templated":true}]}}